{"id":20,"date":"2024-07-03T02:07:54","date_gmt":"2024-07-03T08:07:54","guid":{"rendered":"https:\/\/traylfer.com\/traylfer.com\/?page_id=20"},"modified":"2024-08-21T19:26:07","modified_gmt":"2024-08-22T01:26:07","slug":"contacto","status":"publish","type":"page","link":"https:\/\/traylfer.com\/traylfer.com\/contacto\/","title":{"rendered":"Contacto"},"content":{"rendered":"\t\t<div data-elementor-type=\"wp-page\" data-elementor-id=\"20\" class=\"elementor elementor-20\" data-elementor-post-type=\"page\">\n\t\t\t\t<div class=\"elementor-element elementor-element-3ca0d70 e-transform e-flex e-con-boxed e-con e-parent\" data-id=\"3ca0d70\" data-element_type=\"container\" data-e-type=\"container\" data-settings=\"{&quot;_transform_scale_effect&quot;:{&quot;unit&quot;:&quot;px&quot;,&quot;size&quot;:1.3,&quot;sizes&quot;:[]},&quot;_transform_scale_effect_tablet&quot;:{&quot;unit&quot;:&quot;px&quot;,&quot;size&quot;:&quot;&quot;,&quot;sizes&quot;:[]},&quot;_transform_scale_effect_mobile&quot;:{&quot;unit&quot;:&quot;px&quot;,&quot;size&quot;:&quot;&quot;,&quot;sizes&quot;:[]}}\">\n\t\t\t\t\t<div class=\"e-con-inner\">\n\t\t\t\t<div class=\"elementor-element elementor-element-2edf489 e-transform elementor-widget elementor-widget-image\" data-id=\"2edf489\" data-element_type=\"widget\" data-e-type=\"widget\" data-settings=\"{&quot;_transform_scale_effect&quot;:{&quot;unit&quot;:&quot;px&quot;,&quot;size&quot;:2,&quot;sizes&quot;:[]},&quot;_transform_scale_effect_tablet&quot;:{&quot;unit&quot;:&quot;px&quot;,&quot;size&quot;:&quot;&quot;,&quot;sizes&quot;:[]},&quot;_transform_scale_effect_mobile&quot;:{&quot;unit&quot;:&quot;px&quot;,&quot;size&quot;:&quot;&quot;,&quot;sizes&quot;:[]}}\" data-widget_type=\"image.default\">\n\t\t\t\t<div class=\"elementor-widget-container\">\n\t\t\t\t\t\t\t\t\t\t\t\t\t\t\t<img fetchpriority=\"high\" decoding=\"async\" width=\"1920\" height=\"1080\" src=\"https:\/\/traylfer.com\/traylfer.com\/wp-content\/uploads\/2024\/08\/TRAYLFER-HEADER-GENERAL-CAMBIO.jpg\" class=\"attachment-full size-full wp-image-1951\" alt=\"\" srcset=\"https:\/\/traylfer.com\/traylfer.com\/wp-content\/uploads\/2024\/08\/TRAYLFER-HEADER-GENERAL-CAMBIO.jpg 1920w, https:\/\/traylfer.com\/traylfer.com\/wp-content\/uploads\/2024\/08\/TRAYLFER-HEADER-GENERAL-CAMBIO-300x169.jpg 300w, https:\/\/traylfer.com\/traylfer.com\/wp-content\/uploads\/2024\/08\/TRAYLFER-HEADER-GENERAL-CAMBIO-1024x576.jpg 1024w, https:\/\/traylfer.com\/traylfer.com\/wp-content\/uploads\/2024\/08\/TRAYLFER-HEADER-GENERAL-CAMBIO-768x432.jpg 768w, https:\/\/traylfer.com\/traylfer.com\/wp-content\/uploads\/2024\/08\/TRAYLFER-HEADER-GENERAL-CAMBIO-1536x864.jpg 1536w, https:\/\/traylfer.com\/traylfer.com\/wp-content\/uploads\/2024\/08\/TRAYLFER-HEADER-GENERAL-CAMBIO-500x281.jpg 500w, https:\/\/traylfer.com\/traylfer.com\/wp-content\/uploads\/2024\/08\/TRAYLFER-HEADER-GENERAL-CAMBIO-800x450.jpg 800w, https:\/\/traylfer.com\/traylfer.com\/wp-content\/uploads\/2024\/08\/TRAYLFER-HEADER-GENERAL-CAMBIO-1280x720.jpg 1280w\" sizes=\"(max-width: 1920px) 100vw, 1920px\" \/>\t\t\t\t\t\t\t\t\t\t\t\t\t\t\t<\/div>\n\t\t\t\t<\/div>\n\t\t\t\t\t<\/div>\n\t\t\t\t<\/div>\n\t\t<div class=\"elementor-element elementor-element-b961aba e-flex e-con-boxed e-con e-parent\" data-id=\"b961aba\" data-element_type=\"container\" data-e-type=\"container\">\n\t\t\t\t\t<div class=\"e-con-inner\">\n\t\t\t\t<div class=\"elementor-element elementor-element-6a214d3 elementor-widget elementor-widget-spacer\" data-id=\"6a214d3\" data-element_type=\"widget\" data-e-type=\"widget\" data-widget_type=\"spacer.default\">\n\t\t\t\t<div class=\"elementor-widget-container\">\n\t\t\t\t\t\t\t<div class=\"elementor-spacer\">\n\t\t\t<div class=\"elementor-spacer-inner\"><\/div>\n\t\t<\/div>\n\t\t\t\t\t\t<\/div>\n\t\t\t\t<\/div>\n\t\t\t\t\t<\/div>\n\t\t\t\t<\/div>\n\t\t<div class=\"elementor-element elementor-element-6fdf1924 e-flex e-con-boxed e-con e-parent\" data-id=\"6fdf1924\" data-element_type=\"container\" data-e-type=\"container\">\n\t\t\t\t\t<div class=\"e-con-inner\">\n\t\t\t\t<div class=\"elementor-element elementor-element-b988851 elementor-widget elementor-widget-text-editor\" data-id=\"b988851\" data-element_type=\"widget\" data-e-type=\"widget\" data-widget_type=\"text-editor.default\">\n\t\t\t\t<div class=\"elementor-widget-container\">\n\t\t\t\t\t\t\t\t\t<p><\/p>\n<p>En Traylfer, estamos comprometidos a ofrecer las mejores soluciones en unidades para el transporte de carga. Ya sea que est\u00e9 interesado en nuestros productos, necesite asistencia t\u00e9cnica o tenga alguna pregunta, estamos aqu\u00ed para ayudarle.<\/p>\n<p><\/p>\n<p><\/p>\n<p>Puedes contactarnos a trav\u00e9s de los siguientes medios:<\/p>\n<p><\/p>\t\t\t\t\t\t\t\t<\/div>\n\t\t\t\t<\/div>\n\t\t\t\t\t<\/div>\n\t\t\t\t<\/div>\n\t\t<div class=\"elementor-element elementor-element-6e05fc4 e-flex e-con-boxed e-con e-parent\" data-id=\"6e05fc4\" data-element_type=\"container\" data-e-type=\"container\">\n\t\t\t\t\t<div class=\"e-con-inner\">\n\t\t<div class=\"elementor-element elementor-element-3fab11c e-con-full e-flex e-con e-child\" data-id=\"3fab11c\" data-element_type=\"container\" data-e-type=\"container\">\n\t\t\t\t<div class=\"elementor-element elementor-element-03aecab elementor-widget elementor-widget-text-editor\" data-id=\"03aecab\" data-element_type=\"widget\" data-e-type=\"widget\" data-widget_type=\"text-editor.default\">\n\t\t\t\t<div class=\"elementor-widget-container\">\n\t\t\t\t\t\t\t\t\t<p class=\"has-medium-font-size\"><strong>Tel\u00e9fono<\/strong><\/p>\n<p style=\"font-size: 18px;\"><\/p>\n<p style=\"font-size: 18px;\"><\/p>\n<p style=\"font-size: 18px;\">\ud83d\udcde +52 55 3399 9980<\/p>\n<p style=\"font-size: 18px;\"><\/p>\n<p style=\"font-size: 18px;\"><\/p>\n<p class=\"has-medium-font-size\"><strong>Correo<\/strong><\/p>\n<p style=\"font-size: 18px;\"><\/p>\n<p style=\"font-size: 18px;\"><\/p>\n<p style=\"font-size: 18px;\">\ud83d\udce7 ventas@traylfer.com.mx<\/p>\n<h3 class=\"wp-block-heading has-medium-font-size\" style=\"color: #3c4858;\">Fabrica<\/h3>\n<p style=\"font-size: 18px;\"><\/p>\n<p style=\"font-size: 18px;\"><\/p>\n<p style=\"font-size: 18px;\">Oaxaca Kil\u00f3metro 12.5, 68000 Oaxaca de Ju\u00e1rez, Oax.<\/p>\t\t\t\t\t\t\t\t<\/div>\n\t\t\t\t<\/div>\n\t\t\t\t<\/div>\n\t\t<div class=\"elementor-element elementor-element-1fa660e e-con-full e-flex e-con e-child\" data-id=\"1fa660e\" data-element_type=\"container\" data-e-type=\"container\">\n\t\t\t\t<div class=\"elementor-element elementor-element-68a13d2 elementor-widget elementor-widget-text-editor\" data-id=\"68a13d2\" data-element_type=\"widget\" data-e-type=\"widget\" data-widget_type=\"text-editor.default\">\n\t\t\t\t<div class=\"elementor-widget-container\">\n\t\t\t\t\t\t\t\t\t<p style=\"font-size: 18px;\">\ud83c\udfe2\u00a0<strong>Oficinas<\/strong><\/p>\n<p style=\"font-size: 18px;\"><\/p>\n<p style=\"font-size: 18px;\"><\/p>\n<p style=\"font-size: 18px;\">Melchor Ocampo No.193-C<br \/>PH, Veronica Anzures 11300<br \/>M\u00e9xico City, M\u00e9xico<\/p>\n<p style=\"font-size: 18px;\">\ud83c\udfe2\u00a0<strong>Oficina USA<\/strong><\/p>\n<p style=\"font-size: 18px;\"><span style=\"text-align: var(--text-align);\">1920 E Hallandale Beach Blvd,<\/span><\/p>\n<p style=\"font-size: 18px;\">Suite 610, Hallandale Beach FL<br \/>33009 US<\/p>\t\t\t\t\t\t\t\t<\/div>\n\t\t\t\t<\/div>\n\t\t\t\t<\/div>\n\t\t\t\t\t<\/div>\n\t\t\t\t<\/div>\n\t\t<div class=\"elementor-element elementor-element-76189d0 e-flex e-con-boxed e-con e-parent\" data-id=\"76189d0\" data-element_type=\"container\" data-e-type=\"container\">\n\t\t\t\t\t<div class=\"e-con-inner\">\n\t\t\t\t<div class=\"elementor-element elementor-element-dfd6732 elementor-button-success elementor-widget elementor-widget-button\" data-id=\"dfd6732\" data-element_type=\"widget\" data-e-type=\"widget\" data-widget_type=\"button.default\">\n\t\t\t\t<div class=\"elementor-widget-container\">\n\t\t\t\t\t\t\t\t\t<div class=\"elementor-button-wrapper\">\n\t\t\t\t\t<a class=\"elementor-button elementor-button-link elementor-size-sm\" href=\"https:\/\/api.whatsapp.com\/send?phone=525533999980&#038;text=Hola%2C%20tengo%20tu%20informaci%C3%B3n%20de%20WhatsApp%20de%20tu%20web.\">\n\t\t\t\t\t\t<span class=\"elementor-button-content-wrapper\">\n\t\t\t\t\t\t\t\t\t<span class=\"elementor-button-text\">Cotizar<\/span>\n\t\t\t\t\t<\/span>\n\t\t\t\t\t<\/a>\n\t\t\t\t<\/div>\n\t\t\t\t\t\t\t\t<\/div>\n\t\t\t\t<\/div>\n\t\t\t\t<div class=\"elementor-element elementor-element-e3f9dce elementor-widget elementor-widget-text-editor\" data-id=\"e3f9dce\" data-element_type=\"widget\" data-e-type=\"widget\" data-widget_type=\"text-editor.default\">\n\t\t\t\t<div class=\"elementor-widget-container\">\n\t\t\t\t\t\t\t\t\t<p>Tambi\u00e9n puedes llenar el siguiente formulario y uno de nuestros representantes se pondr\u00e1 en contacto con usted a la mayor brevedad posible:<\/p>\t\t\t\t\t\t\t\t<\/div>\n\t\t\t\t<\/div>\n\t\t\t\t\t<\/div>\n\t\t\t\t<\/div>\n\t\t<div class=\"elementor-element elementor-element-2d67313 e-flex e-con-boxed e-con e-parent\" data-id=\"2d67313\" data-element_type=\"container\" data-e-type=\"container\">\n\t\t\t\t\t<div class=\"e-con-inner\">\n\t\t\t\t<div class=\"elementor-element elementor-element-1667a8d elementor-widget elementor-widget-wpforms\" data-id=\"1667a8d\" data-element_type=\"widget\" data-e-type=\"widget\" data-widget_type=\"wpforms.default\">\n\t\t\t\t<div class=\"elementor-widget-container\">\n\t\t\t\t\t<div class=\"wpforms-container wpforms-container-full\" id=\"wpforms-625\"><form id=\"wpforms-form-625\" class=\"wpforms-validate wpforms-form\" data-formid=\"625\" method=\"post\" enctype=\"multipart\/form-data\" action=\"\/traylfer.com\/wp-json\/wp\/v2\/pages\/20\" data-token=\"4632a6c743148e2252df5c15f23eb4f8\" data-token-time=\"1776678378\"><noscript class=\"wpforms-error-noscript\">Por favor, activa JavaScript en tu navegador para completar este formulario.<\/noscript><div class=\"wpforms-field-container\"><div id=\"wpforms-625-field_0-container\" class=\"wpforms-field wpforms-field-name wpforms-one-half wpforms-first\" data-field-id=\"0\"><label class=\"wpforms-field-label\">Nombre <span class=\"wpforms-required-label\">*<\/span><\/label><div class=\"wpforms-field-row wpforms-field-large\"><div class=\"wpforms-field-row-block wpforms-first wpforms-one-half\"><input type=\"text\" id=\"wpforms-625-field_0\" class=\"wpforms-field-name-first wpforms-field-required\" name=\"wpforms[fields][0][first]\" required><label for=\"wpforms-625-field_0\" class=\"wpforms-field-sublabel after\">Nombre<\/label><\/div><div class=\"wpforms-field-row-block wpforms-one-half\"><input type=\"text\" id=\"wpforms-625-field_0-last\" class=\"wpforms-field-name-last wpforms-field-required\" name=\"wpforms[fields][0][last]\" required><label for=\"wpforms-625-field_0-last\" class=\"wpforms-field-sublabel after\">Apellidos<\/label><\/div><\/div><\/div><div id=\"wpforms-625-field_3-container\" class=\"wpforms-field wpforms-field-email wpforms-one-half\" data-field-id=\"3\"><label class=\"wpforms-field-label\" for=\"wpforms-625-field_3\">Correo electr\u00f3nico <span class=\"wpforms-required-label\">*<\/span><\/label><input type=\"email\" id=\"wpforms-625-field_3\" class=\"wpforms-field-medium wpforms-field-required\" name=\"wpforms[fields][3]\" spellcheck=\"false\" required><\/div><div id=\"wpforms-625-field_4-container\" class=\"wpforms-field wpforms-field-text\" data-field-id=\"4\"><label class=\"wpforms-field-label\" for=\"wpforms-625-field_4\">Tel\u00e9fono <span class=\"wpforms-required-label\">*<\/span><\/label><input type=\"text\" id=\"wpforms-625-field_4\" class=\"wpforms-field-medium wpforms-field-required\" name=\"wpforms[fields][4]\" required><\/div><div id=\"wpforms-625-field_5-container\" class=\"wpforms-field wpforms-field-select wpforms-field-select-style-classic\" data-field-id=\"5\"><label class=\"wpforms-field-label\" for=\"wpforms-625-field_5\">\u00bfCu\u00e1l de nuestras unidades te interesa adquirir?<\/label><select id=\"wpforms-625-field_5\" class=\"wpforms-field-medium\" name=\"wpforms[fields][5]\"><option value=\"Autotanque\"  class=\"choice-1 depth-1\"  >Autotanque<\/option><option value=\"G\u00f3ndola de volteo\"  class=\"choice-4 depth-1\"  >G\u00f3ndola de volteo<\/option><option value=\"Caja seca\"  class=\"choice-2 depth-1\"  >Caja seca<\/option><option value=\"Plataforma\"  class=\"choice-3 depth-1\"  >Plataforma<\/option><option value=\"Portacontenedor\"  class=\"choice-6 depth-1\"  >Portacontenedor<\/option><option value=\"Unidades especiales\"  class=\"choice-5 depth-1\"  >Unidades especiales<\/option><option value=\"Otra\"  class=\"choice-7 depth-1\"  >Otra<\/option><\/select><\/div><div id=\"wpforms-625-field_2-container\" class=\"wpforms-field wpforms-field-textarea\" data-field-id=\"2\"><label class=\"wpforms-field-label\" for=\"wpforms-625-field_2\">Mensaje adicional<\/label><textarea id=\"wpforms-625-field_2\" class=\"wpforms-field-small\" name=\"wpforms[fields][2]\" ><\/textarea><\/div><\/div><!-- .wpforms-field-container --><div class=\"wpforms-submit-container\" ><input type=\"hidden\" name=\"wpforms[id]\" value=\"625\"><input type=\"hidden\" name=\"page_title\" value=\"\"><input type=\"hidden\" name=\"page_url\" value=\"https:\/\/traylfer.com\/traylfer.com\/wp-json\/wp\/v2\/pages\/20\"><input type=\"hidden\" name=\"url_referer\" value=\"\"><button type=\"submit\" name=\"wpforms[submit]\" id=\"wpforms-submit-625\" class=\"wpforms-submit\" data-alt-text=\"Enviando\" data-submit-text=\"Enviar\" aria-live=\"assertive\" value=\"wpforms-submit\">Enviar<\/button><\/div><\/form><\/div>  <!-- .wpforms-container -->\t\t\t\t<\/div>\n\t\t\t\t<\/div>\n\t\t\t\t\t<\/div>\n\t\t\t\t<\/div>\n\t\t\t\t<\/div>\n\t\t","protected":false},"excerpt":{"rendered":"<p>En Traylfer, estamos comprometidos a ofrecer las mejores soluciones en unidades para el transporte de carga. Ya sea que est\u00e9 interesado en nuestros productos, necesite asistencia t\u00e9cnica o tenga alguna pregunta, estamos aqu\u00ed para ayudarle. Puedes contactarnos a trav\u00e9s de los siguientes medios: Tel\u00e9fono \ud83d\udcde +52 55 3399 9980 Correo [&hellip;]<\/p>\n","protected":false},"author":1,"featured_media":0,"parent":0,"menu_order":0,"comment_status":"closed","ping_status":"closed","template":"","meta":{"footnotes":""},"class_list":["post-20","page","type-page","status-publish","hentry"],"jetpack_sharing_enabled":true,"_links":{"self":[{"href":"https:\/\/traylfer.com\/traylfer.com\/wp-json\/wp\/v2\/pages\/20","targetHints":{"allow":["GET"]}}],"collection":[{"href":"https:\/\/traylfer.com\/traylfer.com\/wp-json\/wp\/v2\/pages"}],"about":[{"href":"https:\/\/traylfer.com\/traylfer.com\/wp-json\/wp\/v2\/types\/page"}],"author":[{"embeddable":true,"href":"https:\/\/traylfer.com\/traylfer.com\/wp-json\/wp\/v2\/users\/1"}],"replies":[{"embeddable":true,"href":"https:\/\/traylfer.com\/traylfer.com\/wp-json\/wp\/v2\/comments?post=20"}],"version-history":[{"count":38,"href":"https:\/\/traylfer.com\/traylfer.com\/wp-json\/wp\/v2\/pages\/20\/revisions"}],"predecessor-version":[{"id":1966,"href":"https:\/\/traylfer.com\/traylfer.com\/wp-json\/wp\/v2\/pages\/20\/revisions\/1966"}],"wp:attachment":[{"href":"https:\/\/traylfer.com\/traylfer.com\/wp-json\/wp\/v2\/media?parent=20"}],"curies":[{"name":"wp","href":"https:\/\/api.w.org\/{rel}","templated":true}]}}